{"id":2143,"date":"2022-01-17T14:10:06","date_gmt":"2022-01-17T14:10:06","guid":{"rendered":"https:\/\/demo.rosasdelcorazon.com\/producto\/cafe-del-mar-orange-rose\/"},"modified":"2025-03-10T03:43:04","modified_gmt":"2025-03-10T03:43:04","slug":"cafe-del-mar-orange-rose","status":"publish","type":"product","link":"https:\/\/rosasdelcorazon.com\/en\/producto\/cafe-del-mar-orange-rose\/","title":{"rendered":"Caf\u00e9 del Mar"},"content":{"rendered":"<p data-start=\"29\" data-end=\"272\"><strong data-start=\"29\" data-end=\"47\">&#8216;Caf\u00e9 del Mar&#8217;<\/strong> \u2014 this is an exquisite red rose that captures attention with its rich color and elegant shape. Its velvety petals and sturdy stems make it perfect for creating luxurious bouquets and floral arrangements.<\/p>\n<h3 data-start=\"274\" data-end=\"308\"><strong data-start=\"278\" data-end=\"306\">KEY CHARACTERISTICS:<\/strong><\/h3>\n<ul data-start=\"309\" data-end=\"527\">\n<li data-start=\"309\" data-end=\"339\"><strong data-start=\"311\" data-end=\"329\">BUD HEIGHT:<\/strong> FROM 7 CM<\/li>\n<li data-start=\"340\" data-end=\"371\"><strong data-start=\"342\" data-end=\"361\">BUD DIAMETER:<\/strong> 7\u201310 \u0421\u041c<\/li>\n<li data-start=\"372\" data-end=\"407\"><strong data-start=\"374\" data-end=\"391\">VASE LIFE:<\/strong> FROM 14-16 DAYS<\/li>\n<li data-start=\"408\" data-end=\"438\"><strong data-start=\"410\" data-end=\"427\">STEM LENGTH:<\/strong> 50\u201380 \u0421\u041c<\/li>\n<li data-start=\"439\" data-end=\"471\"><strong data-start=\"441\" data-end=\"466\">NUMBER OF PETALS:<\/strong> 45<\/li>\n<li data-start=\"472\" data-end=\"507\"><strong data-start=\"474\" data-end=\"494\">FRAGRANCE:<\/strong> NONE<\/li>\n<li data-start=\"508\" data-end=\"527\"><strong data-start=\"510\" data-end=\"519\">COLOR:<\/strong> RED<\/li>\n<\/ul>\n<p data-start=\"892\" data-end=\"1069\">Rose <strong data-start=\"897\" data-end=\"915\">&#8216;Caf\u00e9 del Mar&#8217;<\/strong> \u2014 it is a perfect addition to wedding bouquets, romantic compositions, and any other floral arrangements, adding richness and elegance.<\/p>","protected":false},"excerpt":{"rendered":"<p data-start=\"29\" data-end=\"272\"><strong data-start=\"29\" data-end=\"47\">&#8216;Caf\u00e9 del Mar&#8217;<\/strong> \u2014 this is an exquisite red rose that captures attention with its rich color and elegant shape. Its velvety petals and sturdy stems make it perfect for creating luxurious bouquets and floral arrangements.<\/p>\n<h3 data-start=\"274\" data-end=\"308\"><strong data-start=\"278\" data-end=\"306\">KEY CHARACTERISTICS:<\/strong><\/h3>\n<ul data-start=\"309\" data-end=\"527\">\n<li data-start=\"309\" data-end=\"339\"><strong data-start=\"311\" data-end=\"329\">BUD HEIGHT:<\/strong> FROM 7 CM<\/li>\n<li data-start=\"340\" data-end=\"371\"><strong data-start=\"342\" data-end=\"361\">BUD DIAMETER:<\/strong> 7\u201310 \u0421\u041c<\/li>\n<li data-start=\"372\" data-end=\"407\"><strong data-start=\"374\" data-end=\"391\">VASE LIFE:<\/strong> FROM 14-16 DAYS<\/li>\n<li data-start=\"408\" data-end=\"438\"><strong data-start=\"410\" data-end=\"427\">STEM LENGTH:<\/strong> 50\u201380 \u0421\u041c<\/li>\n<li data-start=\"439\" data-end=\"471\"><strong data-start=\"441\" data-end=\"466\">NUMBER OF PETALS:<\/strong> 45<\/li>\n<li data-start=\"472\" data-end=\"507\"><strong data-start=\"474\" data-end=\"494\">FRAGRANCE:<\/strong> NONE<\/li>\n<li data-start=\"508\" data-end=\"527\"><strong data-start=\"510\" data-end=\"519\">COLOR:<\/strong> RED<\/li>\n<\/ul>\n<p data-start=\"892\" data-end=\"1069\">Rose <strong data-start=\"897\" data-end=\"915\">&#8216;Caf\u00e9 del Mar&#8217;<\/strong> \u2014 it is a perfect addition to wedding bouquets, romantic compositions, and any other floral arrangements, adding richness and elegance.<\/p>","protected":false},"featured_media":5259,"comment_status":"open","ping_status":"closed","template":"","meta":[],"product_cat":[49],"product_tag":[],"class_list":["post-2143","product","type-product","status-publish","has-post-thumbnail","hentry","product_cat-premium-roses"],"yoast_head":"<!-- This site is optimized with the Yoast SEO plugin v21.5 - https:\/\/yoast.com\/wordpress\/plugins\/seo\/ -->\n<title>\u041a\u0430\u0444\u0435 \u0434\u0435\u043b\u044c \u041c\u0430\u0440 | Caf\u00e9 del Mar - Rosas del Coraz\u00f3n<\/title>\n<meta name=\"robots\" content=\"index, follow, max-snippet:-1, max-image-preview:large, max-video-preview:-1\" \/>\n<link rel=\"canonical\" href=\"https:\/\/rosasdelcorazon.com\/en\/producto\/cafe-del-mar-orange-rose\/\" \/>\n<meta property=\"og:locale\" content=\"en_US\" \/>\n<meta property=\"og:type\" content=\"article\" \/>\n<meta property=\"og:title\" content=\"\u041a\u0430\u0444\u0435 \u0434\u0435\u043b\u044c \u041c\u0430\u0440 | Caf\u00e9 del Mar - Rosas del Coraz\u00f3n\" \/>\n<meta property=\"og:description\" content=\"&#039;Caf\u00e9 del Mar&#039; \u2014 \u044d\u0442\u043e \u0438\u0437\u044b\u0441\u043a\u0430\u043d\u043d\u0430\u044f \u043a\u0440\u0430\u0441\u043d\u0430\u044f \u0440\u043e\u0437\u0430, \u043a\u043e\u0442\u043e\u0440\u0430\u044f \u043f\u0440\u0438\u0432\u043b\u0435\u043a\u0430\u0435\u0442 \u0432\u043d\u0438\u043c\u0430\u043d\u0438\u0435 \u0441\u0432\u043e\u0438\u043c \u043d\u0430\u0441\u044b\u0449\u0435\u043d\u043d\u044b\u043c \u0446\u0432\u0435\u0442\u043e\u043c \u0438 \u044d\u043b\u0435\u0433\u0430\u043d\u0442\u043d\u043e\u0439 \u0444\u043e\u0440\u043c\u043e\u0439. \u0415\u0451 \u0431\u0430\u0440\u0445\u0430\u0442\u0438\u0441\u0442\u044b\u0435 \u043b\u0435\u043f\u0435\u0441\u0442\u043a\u0438 \u0438 \u043f\u0440\u043e\u0447\u043d\u044b\u0435 \u0441\u0442\u0435\u0431\u043b\u0438 \u0434\u0435\u043b\u0430\u044e\u0442 \u0435\u0451 \u0438\u0434\u0435\u0430\u043b\u044c\u043d\u043e\u0439 \u0434\u043b\u044f \u0441\u043e\u0437\u0434\u0430\u043d\u0438\u044f \u0440\u043e\u0441\u043a\u043e\u0448\u043d\u044b\u0445 \u0431\u0443\u043a\u0435\u0442\u043e\u0432 \u0438 \u0444\u043b\u043e\u0440\u0438\u0441\u0442\u0438\u0447\u0435\u0441\u043a\u0438\u0445 \u043a\u043e\u043c\u043f\u043e\u0437\u0438\u0446\u0438\u0439.\u041e\u0421\u041d\u041e\u0412\u041d\u042b\u0415 \u0425\u0410\u0420\u0410\u041a\u0422\u0415\u0420\u0418\u0421\u0422\u0418\u041a\u0418:\u0412\u042b\u0421\u041e\u0422\u0410 \u0411\u0423\u0422\u041e\u041d\u0410: \u041e\u0422 7 \u0421\u041c\u0414\u0418\u0410\u041c\u0415\u0422\u0420 \u0411\u0423\u0422\u041e\u041d\u0410: 7\u201310 \u0421\u041c\u0423\u0421\u0422\u041e\u0419\u0427\u0418\u0412\u041e\u0421\u0422\u042c: \u041e\u0422 14\u201316 \u0414\u041d\u0415\u0419\u0414\u041b\u0418\u041d\u0410 \u0421\u0422\u0415\u0411\u041b\u042f: 50\u201380 \u0421\u041c\u041a\u041e\u041b\u0418\u0427\u0415\u0421\u0422\u0412\u041e \u041b\u0415\u041f\u0415\u0421\u0422\u041a\u041e\u0412: 45\u041d\u0410\u041b\u0418\u0427\u0418\u0415 \u0410\u0420\u041e\u041c\u0410\u0422\u0410: \u041d\u0415 \u0418\u041c\u0415\u0415\u0422\u0421\u042f\u0426\u0412\u0415\u0422: \u041a\u0420\u0410\u0421\u041d\u042b\u0419\u0420\u043e\u0437\u0430 &#039;Caf\u00e9 del Mar&#039; \u2014 \u044d\u0442\u043e \u043e\u0442\u043b\u0438\u0447\u043d\u043e\u0435 \u0434\u043e\u043f\u043e\u043b\u043d\u0435\u043d\u0438\u0435 \u043a \u0441\u0432\u0430\u0434\u0435\u0431\u043d\u044b\u043c \u0431\u0443\u043a\u0435\u0442\u0430\u043c, \u0440\u043e\u043c\u0430\u043d\u0442\u0438\u0447\u0435\u0441\u043a\u0438\u043c \u043a\u043e\u043c\u043f\u043e\u0437\u0438\u0446\u0438\u044f\u043c \u0438 \u043b\u044e\u0431\u044b\u043c \u0434\u0440\u0443\u0433\u0438\u043c \u0444\u043b\u043e\u0440\u0438\u0441\u0442\u0438\u0447\u0435\u0441\u043a\u0438\u043c \u0438\u0437\u0434\u0435\u043b\u0438\u044f\u043c, \u043f\u0440\u0438\u0434\u0430\u0432\u0430\u044f \u0438\u043c \u043d\u0430\u0441\u044b\u0449\u0435\u043d\u043d\u043e\u0441\u0442\u044c \u0438 \u044d\u043b\u0435\u0433\u0430\u043d\u0442\u043d\u043e\u0441\u0442\u044c.\" \/>\n<meta property=\"og:url\" content=\"https:\/\/rosasdelcorazon.com\/en\/producto\/cafe-del-mar-orange-rose\/\" \/>\n<meta property=\"og:site_name\" content=\"Rosas del Coraz\u00f3n\" \/>\n<meta property=\"article:modified_time\" content=\"2025-03-10T03:43:04+00:00\" \/>\n<meta property=\"og:image\" content=\"https:\/\/rosasdelcorazon.com\/wp-content\/uploads\/2022\/01\/cafe-del-mar1.png\" \/>\n\t<meta property=\"og:image:width\" content=\"800\" \/>\n\t<meta property=\"og:image:height\" content=\"1000\" \/>\n\t<meta property=\"og:image:type\" content=\"image\/png\" \/>\n<meta name=\"twitter:card\" content=\"summary_large_image\" \/>\n<script type=\"application\/ld+json\" class=\"yoast-schema-graph\">{\"@context\":\"https:\/\/schema.org\",\"@graph\":[{\"@type\":\"WebPage\",\"@id\":\"https:\/\/rosasdelcorazon.com\/producto\/cafe-del-mar-orange-rose\/\",\"url\":\"https:\/\/rosasdelcorazon.com\/producto\/cafe-del-mar-orange-rose\/\",\"name\":\"\u041a\u0430\u0444\u0435 \u0434\u0435\u043b\u044c \u041c\u0430\u0440 | Caf\u00e9 del Mar - Rosas del Coraz\u00f3n\",\"isPartOf\":{\"@id\":\"https:\/\/rosasdelcorazon.com\/#website\"},\"datePublished\":\"2022-01-17T14:10:06+00:00\",\"dateModified\":\"2025-03-10T03:43:04+00:00\",\"breadcrumb\":{\"@id\":\"https:\/\/rosasdelcorazon.com\/producto\/cafe-del-mar-orange-rose\/#breadcrumb\"},\"inLanguage\":\"en-US\",\"potentialAction\":[{\"@type\":\"ReadAction\",\"target\":[\"https:\/\/rosasdelcorazon.com\/producto\/cafe-del-mar-orange-rose\/\"]}]},{\"@type\":\"BreadcrumbList\",\"@id\":\"https:\/\/rosasdelcorazon.com\/producto\/cafe-del-mar-orange-rose\/#breadcrumb\",\"itemListElement\":[{\"@type\":\"ListItem\",\"position\":1,\"name\":\"Home\",\"item\":\"https:\/\/rosasdelcorazon.com\/\"},{\"@type\":\"ListItem\",\"position\":2,\"name\":\"Products\",\"item\":\"https:\/\/rosasdelcorazon.com\/shop\/\"},{\"@type\":\"ListItem\",\"position\":3,\"name\":\"\u041a\u0430\u0444\u0435 \u0434\u0435\u043b\u044c \u041c\u0430\u0440 | Caf\u00e9 del Mar\"}]},{\"@type\":\"WebSite\",\"@id\":\"https:\/\/rosasdelcorazon.com\/#website\",\"url\":\"https:\/\/rosasdelcorazon.com\/\",\"name\":\"Rosas del Coraz\u00f3n\",\"description\":\"\u042d\u043a\u0432\u0430\u0434\u043e\u0440\u0441\u043a\u0430\u044f \u043f\u043b\u0430\u043d\u0442\u0430\u0446\u0438\u044f - \u0431\u0443\u0442\u0438\u043a \u043b\u0430\u043a\u0448\u0435\u0440\u0438 \u0440\u043e\u0437\",\"publisher\":{\"@id\":\"https:\/\/rosasdelcorazon.com\/#organization\"},\"potentialAction\":[{\"@type\":\"SearchAction\",\"target\":{\"@type\":\"EntryPoint\",\"urlTemplate\":\"https:\/\/rosasdelcorazon.com\/?s={search_term_string}\"},\"query-input\":\"required name=search_term_string\"}],\"inLanguage\":\"en-US\"},{\"@type\":\"Organization\",\"@id\":\"https:\/\/rosasdelcorazon.com\/#organization\",\"name\":\"Rosas del Coraz\u00f3n\",\"url\":\"https:\/\/rosasdelcorazon.com\/\",\"logo\":{\"@type\":\"ImageObject\",\"inLanguage\":\"en-US\",\"@id\":\"https:\/\/rosasdelcorazon.com\/#\/schema\/logo\/image\/\",\"url\":\"https:\/\/rosasdelcorazon.com\/wp-content\/uploads\/2022\/02\/cropped-logo-web.png\",\"contentUrl\":\"https:\/\/rosasdelcorazon.com\/wp-content\/uploads\/2022\/02\/cropped-logo-web.png\",\"width\":213,\"height\":78,\"caption\":\"Rosas del Coraz\u00f3n\"},\"image\":{\"@id\":\"https:\/\/rosasdelcorazon.com\/#\/schema\/logo\/image\/\"}}]}<\/script>\n<!-- \/ Yoast SEO plugin. -->","yoast_head_json":{"title":"\u041a\u0430\u0444\u0435 \u0434\u0435\u043b\u044c \u041c\u0430\u0440 | Caf\u00e9 del Mar - Rosas del Coraz\u00f3n","robots":{"index":"index","follow":"follow","max-snippet":"max-snippet:-1","max-image-preview":"max-image-preview:large","max-video-preview":"max-video-preview:-1"},"canonical":"https:\/\/rosasdelcorazon.com\/en\/producto\/cafe-del-mar-orange-rose\/","og_locale":"en_US","og_type":"article","og_title":"\u041a\u0430\u0444\u0435 \u0434\u0435\u043b\u044c \u041c\u0430\u0440 | Caf\u00e9 del Mar - Rosas del Coraz\u00f3n","og_description":"'Caf\u00e9 del Mar' \u2014 \u044d\u0442\u043e \u0438\u0437\u044b\u0441\u043a\u0430\u043d\u043d\u0430\u044f \u043a\u0440\u0430\u0441\u043d\u0430\u044f \u0440\u043e\u0437\u0430, \u043a\u043e\u0442\u043e\u0440\u0430\u044f \u043f\u0440\u0438\u0432\u043b\u0435\u043a\u0430\u0435\u0442 \u0432\u043d\u0438\u043c\u0430\u043d\u0438\u0435 \u0441\u0432\u043e\u0438\u043c \u043d\u0430\u0441\u044b\u0449\u0435\u043d\u043d\u044b\u043c \u0446\u0432\u0435\u0442\u043e\u043c \u0438 \u044d\u043b\u0435\u0433\u0430\u043d\u0442\u043d\u043e\u0439 \u0444\u043e\u0440\u043c\u043e\u0439. \u0415\u0451 \u0431\u0430\u0440\u0445\u0430\u0442\u0438\u0441\u0442\u044b\u0435 \u043b\u0435\u043f\u0435\u0441\u0442\u043a\u0438 \u0438 \u043f\u0440\u043e\u0447\u043d\u044b\u0435 \u0441\u0442\u0435\u0431\u043b\u0438 \u0434\u0435\u043b\u0430\u044e\u0442 \u0435\u0451 \u0438\u0434\u0435\u0430\u043b\u044c\u043d\u043e\u0439 \u0434\u043b\u044f \u0441\u043e\u0437\u0434\u0430\u043d\u0438\u044f \u0440\u043e\u0441\u043a\u043e\u0448\u043d\u044b\u0445 \u0431\u0443\u043a\u0435\u0442\u043e\u0432 \u0438 \u0444\u043b\u043e\u0440\u0438\u0441\u0442\u0438\u0447\u0435\u0441\u043a\u0438\u0445 \u043a\u043e\u043c\u043f\u043e\u0437\u0438\u0446\u0438\u0439.\u041e\u0421\u041d\u041e\u0412\u041d\u042b\u0415 \u0425\u0410\u0420\u0410\u041a\u0422\u0415\u0420\u0418\u0421\u0422\u0418\u041a\u0418:\u0412\u042b\u0421\u041e\u0422\u0410 \u0411\u0423\u0422\u041e\u041d\u0410: \u041e\u0422 7 \u0421\u041c\u0414\u0418\u0410\u041c\u0415\u0422\u0420 \u0411\u0423\u0422\u041e\u041d\u0410: 7\u201310 \u0421\u041c\u0423\u0421\u0422\u041e\u0419\u0427\u0418\u0412\u041e\u0421\u0422\u042c: \u041e\u0422 14\u201316 \u0414\u041d\u0415\u0419\u0414\u041b\u0418\u041d\u0410 \u0421\u0422\u0415\u0411\u041b\u042f: 50\u201380 \u0421\u041c\u041a\u041e\u041b\u0418\u0427\u0415\u0421\u0422\u0412\u041e \u041b\u0415\u041f\u0415\u0421\u0422\u041a\u041e\u0412: 45\u041d\u0410\u041b\u0418\u0427\u0418\u0415 \u0410\u0420\u041e\u041c\u0410\u0422\u0410: \u041d\u0415 \u0418\u041c\u0415\u0415\u0422\u0421\u042f\u0426\u0412\u0415\u0422: \u041a\u0420\u0410\u0421\u041d\u042b\u0419\u0420\u043e\u0437\u0430 'Caf\u00e9 del Mar' \u2014 \u044d\u0442\u043e \u043e\u0442\u043b\u0438\u0447\u043d\u043e\u0435 \u0434\u043e\u043f\u043e\u043b\u043d\u0435\u043d\u0438\u0435 \u043a \u0441\u0432\u0430\u0434\u0435\u0431\u043d\u044b\u043c \u0431\u0443\u043a\u0435\u0442\u0430\u043c, \u0440\u043e\u043c\u0430\u043d\u0442\u0438\u0447\u0435\u0441\u043a\u0438\u043c \u043a\u043e\u043c\u043f\u043e\u0437\u0438\u0446\u0438\u044f\u043c \u0438 \u043b\u044e\u0431\u044b\u043c \u0434\u0440\u0443\u0433\u0438\u043c \u0444\u043b\u043e\u0440\u0438\u0441\u0442\u0438\u0447\u0435\u0441\u043a\u0438\u043c \u0438\u0437\u0434\u0435\u043b\u0438\u044f\u043c, \u043f\u0440\u0438\u0434\u0430\u0432\u0430\u044f \u0438\u043c \u043d\u0430\u0441\u044b\u0449\u0435\u043d\u043d\u043e\u0441\u0442\u044c \u0438 \u044d\u043b\u0435\u0433\u0430\u043d\u0442\u043d\u043e\u0441\u0442\u044c.","og_url":"https:\/\/rosasdelcorazon.com\/en\/producto\/cafe-del-mar-orange-rose\/","og_site_name":"Rosas del Coraz\u00f3n","article_modified_time":"2025-03-10T03:43:04+00:00","og_image":[{"width":800,"height":1000,"url":"https:\/\/rosasdelcorazon.com\/wp-content\/uploads\/2022\/01\/cafe-del-mar1.png","type":"image\/png"}],"twitter_card":"summary_large_image","schema":{"@context":"https:\/\/schema.org","@graph":[{"@type":"WebPage","@id":"https:\/\/rosasdelcorazon.com\/producto\/cafe-del-mar-orange-rose\/","url":"https:\/\/rosasdelcorazon.com\/producto\/cafe-del-mar-orange-rose\/","name":"\u041a\u0430\u0444\u0435 \u0434\u0435\u043b\u044c \u041c\u0430\u0440 | Caf\u00e9 del Mar - Rosas del Coraz\u00f3n","isPartOf":{"@id":"https:\/\/rosasdelcorazon.com\/#website"},"datePublished":"2022-01-17T14:10:06+00:00","dateModified":"2025-03-10T03:43:04+00:00","breadcrumb":{"@id":"https:\/\/rosasdelcorazon.com\/producto\/cafe-del-mar-orange-rose\/#breadcrumb"},"inLanguage":"en-US","potentialAction":[{"@type":"ReadAction","target":["https:\/\/rosasdelcorazon.com\/producto\/cafe-del-mar-orange-rose\/"]}]},{"@type":"BreadcrumbList","@id":"https:\/\/rosasdelcorazon.com\/producto\/cafe-del-mar-orange-rose\/#breadcrumb","itemListElement":[{"@type":"ListItem","position":1,"name":"Home","item":"https:\/\/rosasdelcorazon.com\/"},{"@type":"ListItem","position":2,"name":"Products","item":"https:\/\/rosasdelcorazon.com\/shop\/"},{"@type":"ListItem","position":3,"name":"\u041a\u0430\u0444\u0435 \u0434\u0435\u043b\u044c \u041c\u0430\u0440 | Caf\u00e9 del Mar"}]},{"@type":"WebSite","@id":"https:\/\/rosasdelcorazon.com\/#website","url":"https:\/\/rosasdelcorazon.com\/","name":"Rosas del Coraz\u00f3n","description":"\u042d\u043a\u0432\u0430\u0434\u043e\u0440\u0441\u043a\u0430\u044f \u043f\u043b\u0430\u043d\u0442\u0430\u0446\u0438\u044f - \u0431\u0443\u0442\u0438\u043a \u043b\u0430\u043a\u0448\u0435\u0440\u0438 \u0440\u043e\u0437","publisher":{"@id":"https:\/\/rosasdelcorazon.com\/#organization"},"potentialAction":[{"@type":"SearchAction","target":{"@type":"EntryPoint","urlTemplate":"https:\/\/rosasdelcorazon.com\/?s={search_term_string}"},"query-input":"required name=search_term_string"}],"inLanguage":"en-US"},{"@type":"Organization","@id":"https:\/\/rosasdelcorazon.com\/#organization","name":"Rosas del Coraz\u00f3n","url":"https:\/\/rosasdelcorazon.com\/","logo":{"@type":"ImageObject","inLanguage":"en-US","@id":"https:\/\/rosasdelcorazon.com\/#\/schema\/logo\/image\/","url":"https:\/\/rosasdelcorazon.com\/wp-content\/uploads\/2022\/02\/cropped-logo-web.png","contentUrl":"https:\/\/rosasdelcorazon.com\/wp-content\/uploads\/2022\/02\/cropped-logo-web.png","width":213,"height":78,"caption":"Rosas del Coraz\u00f3n"},"image":{"@id":"https:\/\/rosasdelcorazon.com\/#\/schema\/logo\/image\/"}}]}},"_links":{"self":[{"href":"https:\/\/rosasdelcorazon.com\/en\/wp-json\/wp\/v2\/product\/2143","targetHints":{"allow":["GET"]}}],"collection":[{"href":"https:\/\/rosasdelcorazon.com\/en\/wp-json\/wp\/v2\/product"}],"about":[{"href":"https:\/\/rosasdelcorazon.com\/en\/wp-json\/wp\/v2\/types\/product"}],"replies":[{"embeddable":true,"href":"https:\/\/rosasdelcorazon.com\/en\/wp-json\/wp\/v2\/comments?post=2143"}],"wp:featuredmedia":[{"embeddable":true,"href":"https:\/\/rosasdelcorazon.com\/en\/wp-json\/wp\/v2\/media\/5259"}],"wp:attachment":[{"href":"https:\/\/rosasdelcorazon.com\/en\/wp-json\/wp\/v2\/media?parent=2143"}],"wp:term":[{"taxonomy":"product_cat","embeddable":true,"href":"https:\/\/rosasdelcorazon.com\/en\/wp-json\/wp\/v2\/product_cat?post=2143"},{"taxonomy":"product_tag","embeddable":true,"href":"https:\/\/rosasdelcorazon.com\/en\/wp-json\/wp\/v2\/product_tag?post=2143"}],"curies":[{"name":"wp","href":"https:\/\/api.w.org\/{rel}","templated":true}]}}